{"id":1796,"date":"2026-05-02T17:51:14","date_gmt":"2026-05-02T15:51:14","guid":{"rendered":"https:\/\/mtherapy.net\/wordpress\/?post_type=product&#038;p=1796"},"modified":"2026-05-03T10:04:31","modified_gmt":"2026-05-03T08:04:31","slug":"individueller-wertgutschein","status":"publish","type":"product","link":"https:\/\/mtherapy.net\/wordpress\/produkt\/individueller-wertgutschein\/","title":{"rendered":"Individueller Wertgutschein"},"content":{"rendered":"<p>Verschenke flexible Wohlf\u00fchlzeit mit einem individuell w\u00e4hlbaren Wertgutschein.<\/p>\n<p>Mit einem individuellen Wertgutschein von M Therapy schenkst du die freie Auswahl aus wohltuenden Massagebehandlungen. Den gew\u00fcnschten Gutscheinwert kannst du selbst festlegen.<\/p>\n<p>W\u00e4hle einfach das gew\u00fcnschte Gutscheinmotiv aus und trage deinen Wunschbetrag ein. Der Gutschein wird nach dem Kauf als PDF erstellt und per E-Mail verschickt.<\/p>\n<p>Lieferoptionen:<\/p>\n<p>\u2022 Digital per E-Mail<br \/>\nDu erh\u00e4ltst den Gutschein nach Zahlungseingang bequem als PDF per E-Mail.<\/p>\n<p>\u2022 Abholung im Studio<br \/>\nAuf Wunsch erh\u00e4ltst du den Gutschein auch als hochwertige Karte zur pers\u00f6nlichen \u00dcbergabe.<\/p>\n<p>Restbetr\u00e4ge bleiben selbstverst\u00e4ndlich als Guthaben bestehen.<\/p>\n<p>G\u00fcltigkeit: 12 Monate ab Kaufdatum.<\/p>\n","protected":false},"excerpt":{"rendered":"<p>W\u00e4hle ein Gutscheinmotiv und trage deinen gew\u00fcnschten Gutscheinwert selbst ein.<\/p>\n","protected":false},"featured_media":1826,"comment_status":"open","ping_status":"closed","template":"","meta":[],"product_brand":[],"product_cat":[48],"product_tag":[],"class_list":{"0":"post-1796","1":"product","2":"type-product","3":"status-publish","4":"has-post-thumbnail","6":"product_cat-massagegutschein-neu","8":"first","9":"instock","10":"shipping-taxable","11":"purchasable","12":"product-type-variable"},"_links":{"self":[{"href":"https:\/\/mtherapy.net\/wordpress\/wp-json\/wp\/v2\/product\/1796","targetHints":{"allow":["GET"]}}],"collection":[{"href":"https:\/\/mtherapy.net\/wordpress\/wp-json\/wp\/v2\/product"}],"about":[{"href":"https:\/\/mtherapy.net\/wordpress\/wp-json\/wp\/v2\/types\/product"}],"replies":[{"embeddable":true,"href":"https:\/\/mtherapy.net\/wordpress\/wp-json\/wp\/v2\/comments?post=1796"}],"wp:featuredmedia":[{"embeddable":true,"href":"https:\/\/mtherapy.net\/wordpress\/wp-json\/wp\/v2\/media\/1826"}],"wp:attachment":[{"href":"https:\/\/mtherapy.net\/wordpress\/wp-json\/wp\/v2\/media?parent=1796"}],"wp:term":[{"taxonomy":"product_brand","embeddable":true,"href":"https:\/\/mtherapy.net\/wordpress\/wp-json\/wp\/v2\/product_brand?post=1796"},{"taxonomy":"product_cat","embeddable":true,"href":"https:\/\/mtherapy.net\/wordpress\/wp-json\/wp\/v2\/product_cat?post=1796"},{"taxonomy":"product_tag","embeddable":true,"href":"https:\/\/mtherapy.net\/wordpress\/wp-json\/wp\/v2\/product_tag?post=1796"}],"curies":[{"name":"wp","href":"https:\/\/api.w.org\/{rel}","templated":true}]}}