{"id":1763,"date":"2026-05-02T17:36:42","date_gmt":"2026-05-02T15:36:42","guid":{"rendered":"https:\/\/mtherapy.net\/wordpress\/?post_type=product&#038;p=1763"},"modified":"2026-05-03T10:01:28","modified_gmt":"2026-05-03T08:01:28","slug":"sportmassage-gutschein","status":"publish","type":"product","link":"https:\/\/mtherapy.net\/wordpress\/produkt\/sportmassage-gutschein\/","title":{"rendered":"Sportmassage Gutschein"},"content":{"rendered":"<p>Verschenke gezielte Regeneration und neue Energie.<\/p>\n<p>Mit einem Gutschein f\u00fcr die Sportmassage schenkst du eine wohltuende Behandlung f\u00fcr aktive Menschen. Gezielte Massagegriffe k\u00f6nnen die Muskulatur lockern, die Regeneration unterst\u00fctzen und das K\u00f6rpergef\u00fchl verbessern.<\/p>\n<p>W\u00e4hle einfach das gew\u00fcnschte Gutscheinmotiv und die passende Dauer aus. Der Gutschein wird nach dem Kauf als PDF erstellt und per E-Mail verschickt.<\/p>\n<p>Der Gutschein kann flexibel f\u00fcr die gew\u00e4hlte Dauer eingel\u00f6st werden und eignet sich ideal f\u00fcr sportlich aktive Menschen oder alle, die ihrem K\u00f6rper etwas Gutes tun m\u00f6chten.<\/p>\n<p>Lieferoptionen:<\/p>\n<p>\u2022 Digital per E-Mail<br \/>\nDu erh\u00e4ltst den Gutschein nach Zahlungseingang bequem als PDF per E-Mail.<\/p>\n<p>\u2022 Abholung im Studio<br \/>\nAuf Wunsch erh\u00e4ltst du den Gutschein auch als hochwertige Karte zur pers\u00f6nlichen \u00dcbergabe.<\/p>\n<p>G\u00fcltigkeit: 12 Monate ab Kaufdatum.<\/p>\n","protected":false},"excerpt":{"rendered":"<p>W\u00e4hle aus drei Gutscheinmotiven und verschiedenen Massagezeiten deinen passenden Sportmassage-Gutschein.<\/p>\n","protected":false},"featured_media":1801,"comment_status":"open","ping_status":"closed","template":"","meta":[],"product_brand":[],"product_cat":[48],"product_tag":[],"class_list":{"0":"post-1763","1":"product","2":"type-product","3":"status-publish","4":"has-post-thumbnail","6":"product_cat-massagegutschein-neu","8":"first","9":"instock","10":"shipping-taxable","11":"purchasable","12":"product-type-variable","13":"has-default-attributes"},"_links":{"self":[{"href":"https:\/\/mtherapy.net\/wordpress\/wp-json\/wp\/v2\/product\/1763","targetHints":{"allow":["GET"]}}],"collection":[{"href":"https:\/\/mtherapy.net\/wordpress\/wp-json\/wp\/v2\/product"}],"about":[{"href":"https:\/\/mtherapy.net\/wordpress\/wp-json\/wp\/v2\/types\/product"}],"replies":[{"embeddable":true,"href":"https:\/\/mtherapy.net\/wordpress\/wp-json\/wp\/v2\/comments?post=1763"}],"wp:featuredmedia":[{"embeddable":true,"href":"https:\/\/mtherapy.net\/wordpress\/wp-json\/wp\/v2\/media\/1801"}],"wp:attachment":[{"href":"https:\/\/mtherapy.net\/wordpress\/wp-json\/wp\/v2\/media?parent=1763"}],"wp:term":[{"taxonomy":"product_brand","embeddable":true,"href":"https:\/\/mtherapy.net\/wordpress\/wp-json\/wp\/v2\/product_brand?post=1763"},{"taxonomy":"product_cat","embeddable":true,"href":"https:\/\/mtherapy.net\/wordpress\/wp-json\/wp\/v2\/product_cat?post=1763"},{"taxonomy":"product_tag","embeddable":true,"href":"https:\/\/mtherapy.net\/wordpress\/wp-json\/wp\/v2\/product_tag?post=1763"}],"curies":[{"name":"wp","href":"https:\/\/api.w.org\/{rel}","templated":true}]}}