{"id":1741,"date":"2026-05-02T17:32:41","date_gmt":"2026-05-02T15:32:41","guid":{"rendered":"https:\/\/mtherapy.net\/wordpress\/?post_type=product&#038;p=1741"},"modified":"2026-05-03T10:00:30","modified_gmt":"2026-05-03T08:00:30","slug":"wellnessmassage-gutschein","status":"publish","type":"product","link":"https:\/\/mtherapy.net\/wordpress\/produkt\/wellnessmassage-gutschein\/","title":{"rendered":"Wellnessmassage Gutschein"},"content":{"rendered":"<p>Verschenke wohltuende Entspannung f\u00fcr K\u00f6rper und Geist.<\/p>\n<p>Mit einem Gutschein f\u00fcr die Wellnessmassage schenkst du eine entspannende Auszeit vom Alltag. Sanfte, flie\u00dfende Massagegriffe k\u00f6nnen Verspannungen l\u00f6sen, die Durchblutung f\u00f6rdern und K\u00f6rper und Geist wieder in Balance bringen.<\/p>\n<p>W\u00e4hle einfach das gew\u00fcnschte Gutscheinmotiv und die passende Dauer aus. Der Gutschein wird nach dem Kauf als PDF erstellt und per E-Mail verschickt.<\/p>\n<p>Der Gutschein kann flexibel f\u00fcr die gew\u00e4hlte Dauer eingel\u00f6st werden und sorgt f\u00fcr ein rundum wohltuendes Massageerlebnis.<\/p>\n<p>Lieferoptionen:<\/p>\n<p>\u2022 Digital per E-Mail<br \/>\nDu erh\u00e4ltst den Gutschein nach Zahlungseingang bequem als PDF per E-Mail.<\/p>\n<p>\u2022 Abholung im Studio<br \/>\nAuf Wunsch erh\u00e4ltst du den Gutschein auch als hochwertige Karte zur pers\u00f6nlichen \u00dcbergabe.<\/p>\n<p>G\u00fcltigkeit: 12 Monate ab Kaufdatum.<\/p>\n<p>Du m\u00f6chtest dir auch die anderen Gutscheinarten ansehen?<\/p>\n<p><a href=\"https:\/\/mtherapy.net\/wordpress\/massagegutscheine\/\">Weitere Gutscheine ansehen<\/a><\/p>\n","protected":false},"excerpt":{"rendered":"<p>W\u00e4hle aus drei Gutscheinmotiven und verschiedenen Massagezeiten deinen passenden Wellnessmassage-Gutschein.<\/p>\n","protected":false},"featured_media":1800,"comment_status":"open","ping_status":"closed","template":"","meta":[],"product_brand":[],"product_cat":[48],"product_tag":[],"class_list":{"0":"post-1741","1":"product","2":"type-product","3":"status-publish","4":"has-post-thumbnail","6":"product_cat-massagegutschein-neu","8":"first","9":"instock","10":"shipping-taxable","11":"purchasable","12":"product-type-variable","13":"has-default-attributes"},"_links":{"self":[{"href":"https:\/\/mtherapy.net\/wordpress\/wp-json\/wp\/v2\/product\/1741","targetHints":{"allow":["GET"]}}],"collection":[{"href":"https:\/\/mtherapy.net\/wordpress\/wp-json\/wp\/v2\/product"}],"about":[{"href":"https:\/\/mtherapy.net\/wordpress\/wp-json\/wp\/v2\/types\/product"}],"replies":[{"embeddable":true,"href":"https:\/\/mtherapy.net\/wordpress\/wp-json\/wp\/v2\/comments?post=1741"}],"wp:featuredmedia":[{"embeddable":true,"href":"https:\/\/mtherapy.net\/wordpress\/wp-json\/wp\/v2\/media\/1800"}],"wp:attachment":[{"href":"https:\/\/mtherapy.net\/wordpress\/wp-json\/wp\/v2\/media?parent=1741"}],"wp:term":[{"taxonomy":"product_brand","embeddable":true,"href":"https:\/\/mtherapy.net\/wordpress\/wp-json\/wp\/v2\/product_brand?post=1741"},{"taxonomy":"product_cat","embeddable":true,"href":"https:\/\/mtherapy.net\/wordpress\/wp-json\/wp\/v2\/product_cat?post=1741"},{"taxonomy":"product_tag","embeddable":true,"href":"https:\/\/mtherapy.net\/wordpress\/wp-json\/wp\/v2\/product_tag?post=1741"}],"curies":[{"name":"wp","href":"https:\/\/api.w.org\/{rel}","templated":true}]}}