{"id":1612,"date":"2026-04-19T16:19:31","date_gmt":"2026-04-19T14:19:31","guid":{"rendered":"https:\/\/mtherapy.net\/wordpress\/?post_type=product&#038;p=1612"},"modified":"2026-04-19T16:31:39","modified_gmt":"2026-04-19T14:31:39","slug":"wertgutschein-65-e","status":"publish","type":"product","link":"https:\/\/mtherapy.net\/wordpress\/produkt\/wertgutschein-65-e\/","title":{"rendered":"Wertgutschein &#8211; 65 \u20ac"},"content":{"rendered":"<p>Verschenken Sie besondere Momente der Ruhe und Entspannung.<\/p>\n<p>Mit unserem Wertgutschein schenken Sie maximale Flexibilit\u00e4t \u2013 der Betrag ist frei w\u00e4hlbar und kann f\u00fcr alle Behandlungen in unserem Studio eingel\u00f6st werden.<\/p>\n<p>Der Gutschein eignet sich ideal f\u00fcr jeden Anlass und l\u00e4sst dem Beschenkten die freie Wahl f\u00fcr sein pers\u00f6nliches Wohlf\u00fchlerlebnis.<\/p>\n<p>Lieferoptionen:<\/p>\n<p>\u2022 Digital per E-Mail<br \/>\nSie erhalten den Gutschein nach der Zahlung bequem als PDF per E-Mail.<\/p>\n<p>\u2022 Abholung im Studio<br \/>\nAuf Wunsch erhalten Sie den Gutschein auch als hochwertige Karte zur pers\u00f6nlichen \u00dcbergabe.<\/p>\n<p>Restbetr\u00e4ge bleiben selbstverst\u00e4ndlich als Guthaben bestehen.<\/p>\n<p>G\u00fcltigkeit: 12 Monate ab Kaufdatum.<\/p>\n","protected":false},"excerpt":{"rendered":"<p>65 \u20ac Gutschein<br \/>\nIndividuell einl\u00f6sbar f\u00fcr Ihre Wunschbehandlung.<\/p>\n","protected":false},"featured_media":1624,"comment_status":"open","ping_status":"closed","template":"","meta":[],"product_brand":[],"product_cat":[47],"product_tag":[],"class_list":{"0":"post-1612","1":"product","2":"type-product","3":"status-publish","4":"has-post-thumbnail","6":"product_cat-neue-gutscheine-zum-testen","8":"first","9":"instock","10":"shipping-taxable","11":"purchasable","12":"product-type-variable"},"_links":{"self":[{"href":"https:\/\/mtherapy.net\/wordpress\/wp-json\/wp\/v2\/product\/1612","targetHints":{"allow":["GET"]}}],"collection":[{"href":"https:\/\/mtherapy.net\/wordpress\/wp-json\/wp\/v2\/product"}],"about":[{"href":"https:\/\/mtherapy.net\/wordpress\/wp-json\/wp\/v2\/types\/product"}],"replies":[{"embeddable":true,"href":"https:\/\/mtherapy.net\/wordpress\/wp-json\/wp\/v2\/comments?post=1612"}],"wp:featuredmedia":[{"embeddable":true,"href":"https:\/\/mtherapy.net\/wordpress\/wp-json\/wp\/v2\/media\/1624"}],"wp:attachment":[{"href":"https:\/\/mtherapy.net\/wordpress\/wp-json\/wp\/v2\/media?parent=1612"}],"wp:term":[{"taxonomy":"product_brand","embeddable":true,"href":"https:\/\/mtherapy.net\/wordpress\/wp-json\/wp\/v2\/product_brand?post=1612"},{"taxonomy":"product_cat","embeddable":true,"href":"https:\/\/mtherapy.net\/wordpress\/wp-json\/wp\/v2\/product_cat?post=1612"},{"taxonomy":"product_tag","embeddable":true,"href":"https:\/\/mtherapy.net\/wordpress\/wp-json\/wp\/v2\/product_tag?post=1612"}],"curies":[{"name":"wp","href":"https:\/\/api.w.org\/{rel}","templated":true}]}}