{"id":1588,"date":"2026-04-19T16:08:40","date_gmt":"2026-04-19T14:08:40","guid":{"rendered":"https:\/\/mtherapy.net\/wordpress\/?post_type=product&#038;p=1588"},"modified":"2026-04-19T16:14:16","modified_gmt":"2026-04-19T14:14:16","slug":"sport-behandlung-90-minuten","status":"publish","type":"product","link":"https:\/\/mtherapy.net\/wordpress\/produkt\/sport-behandlung-90-minuten\/","title":{"rendered":"Sport Behandlung \u2013 90 Minuten"},"content":{"rendered":"<p>Verschenken Sie gezielte Regeneration f\u00fcr K\u00f6rper und Muskulatur.<\/p>\n<p>Mit unserem Gutschein f\u00fcr die Sport Behandlung schenken Sie eine effektive Auszeit vom Alltag. Gezielte Massagegriffe l\u00f6sen Verspannungen, f\u00f6rdern die Durchblutung und unterst\u00fctzen die nat\u00fcrliche Regeneration.<\/p>\n<p>Der Gutschein kann flexibel f\u00fcr die gew\u00e4hlte Dauer eingel\u00f6st werden und sorgt f\u00fcr neue Energie und verbesserte Beweglichkeit.<\/p>\n<p>Lieferoptionen:<\/p>\n<p>\u2022 Digital per E-Mail<br \/>\nSie erhalten den Gutschein nach der Zahlung bequem als PDF per E-Mail.<\/p>\n<p>\u2022 Abholung im Studio<br \/>\nAuf Wunsch erhalten Sie den Gutschein auch als hochwertige Karte zur pers\u00f6nlichen \u00dcbergabe.<\/p>\n<p>Restbetr\u00e4ge bleiben selbstverst\u00e4ndlich als Guthaben bestehen.<\/p>\n<p>G\u00fcltigkeit: 12 Monate ab Kaufdatum.<\/p>\n","protected":false},"excerpt":{"rendered":"<p>90 Minuten \u00b7 80 \u20ac<br \/>\nTiefgehende Behandlung f\u00fcr nachhaltige Muskelregeneration.<\/p>\n","protected":false},"featured_media":1572,"comment_status":"open","ping_status":"closed","template":"","meta":[],"product_brand":[],"product_cat":[47],"product_tag":[],"class_list":{"0":"post-1588","1":"product","2":"type-product","3":"status-publish","4":"has-post-thumbnail","6":"product_cat-neue-gutscheine-zum-testen","8":"first","9":"instock","10":"shipping-taxable","11":"purchasable","12":"product-type-variable"},"_links":{"self":[{"href":"https:\/\/mtherapy.net\/wordpress\/wp-json\/wp\/v2\/product\/1588","targetHints":{"allow":["GET"]}}],"collection":[{"href":"https:\/\/mtherapy.net\/wordpress\/wp-json\/wp\/v2\/product"}],"about":[{"href":"https:\/\/mtherapy.net\/wordpress\/wp-json\/wp\/v2\/types\/product"}],"replies":[{"embeddable":true,"href":"https:\/\/mtherapy.net\/wordpress\/wp-json\/wp\/v2\/comments?post=1588"}],"wp:featuredmedia":[{"embeddable":true,"href":"https:\/\/mtherapy.net\/wordpress\/wp-json\/wp\/v2\/media\/1572"}],"wp:attachment":[{"href":"https:\/\/mtherapy.net\/wordpress\/wp-json\/wp\/v2\/media?parent=1588"}],"wp:term":[{"taxonomy":"product_brand","embeddable":true,"href":"https:\/\/mtherapy.net\/wordpress\/wp-json\/wp\/v2\/product_brand?post=1588"},{"taxonomy":"product_cat","embeddable":true,"href":"https:\/\/mtherapy.net\/wordpress\/wp-json\/wp\/v2\/product_cat?post=1588"},{"taxonomy":"product_tag","embeddable":true,"href":"https:\/\/mtherapy.net\/wordpress\/wp-json\/wp\/v2\/product_tag?post=1588"}],"curies":[{"name":"wp","href":"https:\/\/api.w.org\/{rel}","templated":true}]}}