{"id":1161,"date":"2026-04-04T10:53:07","date_gmt":"2026-04-04T08:53:07","guid":{"rendered":"https:\/\/mtherapy.net\/wordpress\/?post_type=product&#038;p=1161"},"modified":"2026-04-04T10:57:27","modified_gmt":"2026-04-04T08:57:27","slug":"hot-stone-massage-gutschein","status":"publish","type":"product","link":"https:\/\/mtherapy.net\/wordpress\/produkt\/hot-stone-massage-gutschein\/","title":{"rendered":"Hot-Stone Massage Gutschein"},"content":{"rendered":"<p data-start=\"1174\" data-end=\"1241\"><strong data-start=\"1174\" data-end=\"1241\">Verschenken Sie tiefgehende Entspannung durch wohltuende W\u00e4rme.<\/strong><\/p>\n<p data-start=\"1243\" data-end=\"1490\">Die Hot-Stone Massage kombiniert warme Basaltsteine mit sanften Massagegriffen und sorgt f\u00fcr eine intensive Lockerung der Muskulatur. Die angenehme W\u00e4rme dringt tief in den K\u00f6rper ein und f\u00f6rdert die Durchblutung sowie das allgemeine Wohlbefinden.<\/p>\n<p data-start=\"1492\" data-end=\"1587\">Ein besonderes Erlebnis f\u00fcr alle, die sich nachhaltig entspannen und neue Kraft tanken m\u00f6chten.<\/p>\n<h3 data-section-id=\"1dv0bdr\" data-start=\"1589\" data-end=\"1607\">Lieferoptionen<\/h3>\n<p data-start=\"1609\" data-end=\"1740\">\ud83d\udce7 <strong data-start=\"1612\" data-end=\"1634\">Digital per E-Mail<\/strong><br data-start=\"1634\" data-end=\"1637\" \/>Der Gutschein wird nach Zahlungseingang bequem per E-Mail versendet \u2013 ideal als kurzfristiges Geschenk.<\/p>\n<p data-start=\"1742\" data-end=\"1885\">\ud83c\udfe0 <strong data-start=\"1745\" data-end=\"1773\">Selbstabholung im Studio<\/strong><br data-start=\"1773\" data-end=\"1776\" \/>Gerne erhalten Sie den Gutschein als hochwertige gedruckte Karte zur pers\u00f6nlichen \u00dcbergabe in unserem Studio.<\/p>\n<p data-start=\"1887\" data-end=\"1950\">Restbetr\u00e4ge bleiben selbstverst\u00e4ndlich als Guthaben bestehen.<\/p>\n<p data-start=\"1952\" data-end=\"1989\"><strong data-start=\"1952\" data-end=\"1989\">G\u00fcltigkeit: 3 Jahre ab Kaufdatum.<\/strong><\/p>\n","protected":false},"excerpt":{"rendered":"<p>Verschenken Sie tiefgehende Entspannung durch wohltuende W\u00e4rme. Die Hot-Stone Massage kombiniert warme Basaltsteine mit sanften Massagegriffen und sorgt f\u00fcr eine intensive Lockerung der Muskulatur. Die angenehme W\u00e4rme dringt tief in den K\u00f6rper ein und f\u00f6rdert die Durchblutung sowie das allgemeine Wohlbefinden. Ein besonderes Erlebnis f\u00fcr alle, die sich nachhaltig entspannen und neue Kraft tanken m\u00f6chten. [&hellip;]<\/p>\n","protected":false},"featured_media":829,"comment_status":"open","ping_status":"closed","template":"","meta":[],"product_brand":[],"product_cat":[32],"product_tag":[],"class_list":{"0":"post-1161","1":"product","2":"type-product","3":"status-publish","4":"has-post-thumbnail","6":"product_cat-gutscheine","8":"first","9":"instock","10":"shipping-taxable","11":"purchasable","12":"product-type-pw-gift-card"},"_links":{"self":[{"href":"https:\/\/mtherapy.net\/wordpress\/wp-json\/wp\/v2\/product\/1161","targetHints":{"allow":["GET"]}}],"collection":[{"href":"https:\/\/mtherapy.net\/wordpress\/wp-json\/wp\/v2\/product"}],"about":[{"href":"https:\/\/mtherapy.net\/wordpress\/wp-json\/wp\/v2\/types\/product"}],"replies":[{"embeddable":true,"href":"https:\/\/mtherapy.net\/wordpress\/wp-json\/wp\/v2\/comments?post=1161"}],"wp:featuredmedia":[{"embeddable":true,"href":"https:\/\/mtherapy.net\/wordpress\/wp-json\/wp\/v2\/media\/829"}],"wp:attachment":[{"href":"https:\/\/mtherapy.net\/wordpress\/wp-json\/wp\/v2\/media?parent=1161"}],"wp:term":[{"taxonomy":"product_brand","embeddable":true,"href":"https:\/\/mtherapy.net\/wordpress\/wp-json\/wp\/v2\/product_brand?post=1161"},{"taxonomy":"product_cat","embeddable":true,"href":"https:\/\/mtherapy.net\/wordpress\/wp-json\/wp\/v2\/product_cat?post=1161"},{"taxonomy":"product_tag","embeddable":true,"href":"https:\/\/mtherapy.net\/wordpress\/wp-json\/wp\/v2\/product_tag?post=1161"}],"curies":[{"name":"wp","href":"https:\/\/api.w.org\/{rel}","templated":true}]}}