{"id":1156,"date":"2026-04-04T10:49:48","date_gmt":"2026-04-04T08:49:48","guid":{"rendered":"https:\/\/mtherapy.net\/wordpress\/?post_type=product&#038;p=1156"},"modified":"2026-04-04T10:57:04","modified_gmt":"2026-04-04T08:57:04","slug":"sport-massage-gutschein","status":"publish","type":"product","link":"https:\/\/mtherapy.net\/wordpress\/produkt\/sport-massage-gutschein\/","title":{"rendered":"Sport Massage Gutschein"},"content":{"rendered":"<p data-start=\"2025\" data-end=\"2095\"><strong data-start=\"2025\" data-end=\"2095\">Verschenken Sie gezielte Regeneration und neue Leistungsf\u00e4higkeit.<\/strong><\/p>\n<p data-start=\"2097\" data-end=\"2306\">Die Sportmassage ist ideal zur Lockerung beanspruchter Muskulatur und unterst\u00fctzt die Regeneration nach k\u00f6rperlicher Belastung. Durch gezielte Griffe werden Verspannungen gel\u00f6st und die Durchblutung gef\u00f6rdert.<\/p>\n<p data-start=\"2308\" data-end=\"2412\">Perfekt f\u00fcr aktive Menschen, die ihrem K\u00f6rper etwas Gutes tun und langfristig beweglich bleiben m\u00f6chten.<\/p>\n<h3 data-section-id=\"1dv0bdr\" data-start=\"2414\" data-end=\"2432\">Lieferoptionen<\/h3>\n<p data-start=\"2434\" data-end=\"2565\">\ud83d\udce7 <strong data-start=\"2437\" data-end=\"2459\">Digital per E-Mail<\/strong><br data-start=\"2459\" data-end=\"2462\" \/>Der Gutschein wird nach Zahlungseingang bequem per E-Mail versendet \u2013 ideal als kurzfristiges Geschenk.<\/p>\n<p data-start=\"2567\" data-end=\"2710\">\ud83c\udfe0 <strong data-start=\"2570\" data-end=\"2598\">Selbstabholung im Studio<\/strong><br data-start=\"2598\" data-end=\"2601\" \/>Gerne erhalten Sie den Gutschein als hochwertige gedruckte Karte zur pers\u00f6nlichen \u00dcbergabe in unserem Studio.<\/p>\n<p data-start=\"2712\" data-end=\"2775\">Restbetr\u00e4ge bleiben selbstverst\u00e4ndlich als Guthaben bestehen.<\/p>\n<p data-start=\"2777\" data-end=\"2814\"><strong data-start=\"2777\" data-end=\"2814\">G\u00fcltigkeit: 3 Jahre ab Kaufdatum.<\/strong><\/p>\n","protected":false},"excerpt":{"rendered":"<p>Verschenken Sie gezielte Regeneration und neue Leistungsf\u00e4higkeit. Die Sportmassage ist ideal zur Lockerung beanspruchter Muskulatur und unterst\u00fctzt die Regeneration nach k\u00f6rperlicher Belastung. Durch gezielte Griffe werden Verspannungen gel\u00f6st und die Durchblutung gef\u00f6rdert. Perfekt f\u00fcr aktive Menschen, die ihrem K\u00f6rper etwas Gutes tun und langfristig beweglich bleiben m\u00f6chten. Lieferoptionen \ud83d\udce7 Digital per E-MailDer Gutschein wird nach [&hellip;]<\/p>\n","protected":false},"featured_media":830,"comment_status":"open","ping_status":"closed","template":"","meta":[],"product_brand":[],"product_cat":[32],"product_tag":[],"class_list":{"0":"post-1156","1":"product","2":"type-product","3":"status-publish","4":"has-post-thumbnail","6":"product_cat-gutscheine","8":"first","9":"instock","10":"shipping-taxable","11":"purchasable","12":"product-type-pw-gift-card"},"_links":{"self":[{"href":"https:\/\/mtherapy.net\/wordpress\/wp-json\/wp\/v2\/product\/1156","targetHints":{"allow":["GET"]}}],"collection":[{"href":"https:\/\/mtherapy.net\/wordpress\/wp-json\/wp\/v2\/product"}],"about":[{"href":"https:\/\/mtherapy.net\/wordpress\/wp-json\/wp\/v2\/types\/product"}],"replies":[{"embeddable":true,"href":"https:\/\/mtherapy.net\/wordpress\/wp-json\/wp\/v2\/comments?post=1156"}],"wp:featuredmedia":[{"embeddable":true,"href":"https:\/\/mtherapy.net\/wordpress\/wp-json\/wp\/v2\/media\/830"}],"wp:attachment":[{"href":"https:\/\/mtherapy.net\/wordpress\/wp-json\/wp\/v2\/media?parent=1156"}],"wp:term":[{"taxonomy":"product_brand","embeddable":true,"href":"https:\/\/mtherapy.net\/wordpress\/wp-json\/wp\/v2\/product_brand?post=1156"},{"taxonomy":"product_cat","embeddable":true,"href":"https:\/\/mtherapy.net\/wordpress\/wp-json\/wp\/v2\/product_cat?post=1156"},{"taxonomy":"product_tag","embeddable":true,"href":"https:\/\/mtherapy.net\/wordpress\/wp-json\/wp\/v2\/product_tag?post=1156"}],"curies":[{"name":"wp","href":"https:\/\/api.w.org\/{rel}","templated":true}]}}