{"id":8,"date":"2026-02-14T21:23:12","date_gmt":"2026-02-14T20:23:12","guid":{"rendered":"http:\/\/192.168.178.57\/?page_id=8"},"modified":"2026-04-11T19:27:21","modified_gmt":"2026-04-11T17:27:21","slug":"termin-buchen","status":"publish","type":"page","link":"https:\/\/mtherapy.net\/wordpress\/termin-buchen\/","title":{"rendered":"Termin buchen"},"content":{"rendered":"\n<h1>Termin buchen<\/h1>\n\n<p class=\"appt-subline\">Mo \u2013 So Termine nach Vereinbarung<\/p>\n\n<p class=\"appt-intro\">\n  G\u00f6nnen Sie sich eine Auszeit vom Alltag. <br>  \n   Buchen Sie Ihren Termin bequem online und w\u00e4hlen Sie den passenden Zeitpunkt f\u00fcr Ihre Entspannung.\n<\/p>\n\n<p class=\"appt-intro appt-contact\">\n  Bei Fragen sind wir jederzeit gerne f\u00fcr Sie da.  \n  <a href=\"\/kontakt\">Kontakt aufnehmen \u2192<\/a>\n<\/p>\n\n<div class=\"appt-booking-card\">\n  \n<script>\n  if (typeof hasAmeliaEntitiesApiCall === 'undefined' && ('' === '' && '' !== '1')) {\n    var hasAmeliaEntitiesApiCall = true;\n  }\n  var ameliaShortcodeData = (typeof ameliaShortcodeData === 'undefined') ? [] : ameliaShortcodeData;\n  ameliaShortcodeData.push(\n    {\n      'hasApiCall': (typeof hasAmeliaEntitiesApiCall !== 'undefined') && hasAmeliaEntitiesApiCall,\n      'trigger': '',\n      'trigger_type': '',\n      'triggered_form': 'sbsNew',\n      'in_dialog': '',\n      'show': '',\n      'counter': '1000',\n      'category': '',\n      'service': '',\n      'employee': '',\n      'location': '',\n      'package': '',\n      'layout': '',\n    }\n  );\n\n  var ameliaShortcodeDataTriggered = (typeof ameliaShortcodeDataTriggered === 'undefined') ? [] : ameliaShortcodeDataTriggered;\n  if (ameliaShortcodeData[ameliaShortcodeData.length - 1].trigger !== '') {\n    if (ameliaShortcodeDataTriggered.filter(a => a.counter === ameliaShortcodeData[ameliaShortcodeData.length - 1].counter).length === 0) {\n      ameliaShortcodeDataTriggered.push(ameliaShortcodeData.pop());\n    } else {\n      ameliaShortcodeData.pop()\n    }\n  }\n  if (typeof hasAmeliaEntitiesApiCall !== 'undefined' && hasAmeliaEntitiesApiCall) {\n    hasAmeliaEntitiesApiCall = false;\n  }\n<\/script>\n\n<div\n  id=\"amelia-v2-booking-1000\"\n  class=\"amelia-v2-booking\"\n >\n    <step-form-wrapper><\/step-form-wrapper><\/div>\n\n  <p class=\"appt-note\">\n    Ihre Terminbuchung erfolgt sicher und vertraulich \u00fcber unser Buchungssystem.\n  <\/p>\n<\/div>\n\n\n\n<p><\/p>\n","protected":false},"excerpt":{"rendered":"<p>Termin buchen Mo \u2013 So Termine nach Vereinbarung G\u00f6nnen Sie sich eine Auszeit vom Alltag. Buchen Sie Ihren Termin bequem online und w\u00e4hlen Sie den passenden Zeitpunkt f\u00fcr Ihre Entspannung. Bei Fragen sind wir jederzeit gerne f\u00fcr Sie da. Kontakt aufnehmen \u2192 Ihre Terminbuchung erfolgt sicher und vertraulich \u00fcber unser Buchungssystem.<\/p>\n","protected":false},"author":2,"featured_media":0,"parent":0,"menu_order":0,"comment_status":"closed","ping_status":"closed","template":"","meta":{"footnotes":""},"class_list":["post-8","page","type-page","status-publish","hentry"],"_links":{"self":[{"href":"https:\/\/mtherapy.net\/wordpress\/wp-json\/wp\/v2\/pages\/8","targetHints":{"allow":["GET"]}}],"collection":[{"href":"https:\/\/mtherapy.net\/wordpress\/wp-json\/wp\/v2\/pages"}],"about":[{"href":"https:\/\/mtherapy.net\/wordpress\/wp-json\/wp\/v2\/types\/page"}],"author":[{"embeddable":true,"href":"https:\/\/mtherapy.net\/wordpress\/wp-json\/wp\/v2\/users\/2"}],"replies":[{"embeddable":true,"href":"https:\/\/mtherapy.net\/wordpress\/wp-json\/wp\/v2\/comments?post=8"}],"version-history":[{"count":17,"href":"https:\/\/mtherapy.net\/wordpress\/wp-json\/wp\/v2\/pages\/8\/revisions"}],"predecessor-version":[{"id":1290,"href":"https:\/\/mtherapy.net\/wordpress\/wp-json\/wp\/v2\/pages\/8\/revisions\/1290"}],"wp:attachment":[{"href":"https:\/\/mtherapy.net\/wordpress\/wp-json\/wp\/v2\/media?parent=8"}],"curies":[{"name":"wp","href":"https:\/\/api.w.org\/{rel}","templated":true}]}}