{"id":1805,"date":"2026-05-02T18:28:08","date_gmt":"2026-05-02T16:28:08","guid":{"rendered":"https:\/\/mtherapy.net\/wordpress\/?page_id=1805"},"modified":"2026-05-02T21:12:35","modified_gmt":"2026-05-02T19:12:35","slug":"massagegutscheine","status":"publish","type":"page","link":"https:\/\/mtherapy.net\/wordpress\/massagegutscheine\/","title":{"rendered":"Massagegutscheine"},"content":{"rendered":"\n<h1 class=\"wp-block-heading\">Massagegutscheine<\/h1>\n\n\n\n<p>Verschenke eine wohltuende Auszeit mit einem Massagegutschein von Massage Therapy. <\/p>\n\n\n\n<p>W\u00e4hle aus verschiedenen Massagearten, Gutscheinmotiven und Zeiten den passenden Gutschein aus.<\/p>\n\n\n\n<p>Der Gutschein wird nach dem Kauf als PDF per E-Mail verschickt. <\/p>\n\n\n\n<p>Auf Wunsch ist auch eine Abholung im Studio m\u00f6glich.<\/p>\n\n\n\n<div style=\"height:30px\" aria-hidden=\"true\" class=\"wp-block-spacer\"><\/div>\n\n\n\n<div class=\"wp-block-columns is-layout-flex wp-container-core-columns-is-layout-9d6595d7 wp-block-columns-is-layout-flex\">\n<div class=\"wp-block-column is-layout-flow wp-block-column-is-layout-flow\">\n<figure class=\"wp-block-image size-large\"><img decoding=\"async\" width=\"1024\" height=\"576\" src=\"https:\/\/mtherapy.net\/wordpress\/wp-content\/uploads\/2026\/05\/collage-individuell-1024x576.png\" alt=\"\" class=\"wp-image-1802\" srcset=\"https:\/\/mtherapy.net\/wordpress\/wp-content\/uploads\/2026\/05\/collage-individuell-1024x576.png 1024w, https:\/\/mtherapy.net\/wordpress\/wp-content\/uploads\/2026\/05\/collage-individuell-300x169.png 300w, https:\/\/mtherapy.net\/wordpress\/wp-content\/uploads\/2026\/05\/collage-individuell-768x432.png 768w, https:\/\/mtherapy.net\/wordpress\/wp-content\/uploads\/2026\/05\/collage-individuell-1536x864.png 1536w, https:\/\/mtherapy.net\/wordpress\/wp-content\/uploads\/2026\/05\/collage-individuell-600x338.png 600w, https:\/\/mtherapy.net\/wordpress\/wp-content\/uploads\/2026\/05\/collage-individuell.png 1672w\" sizes=\"(max-width: 1024px) 100vw, 1024px\" \/><\/figure>\n\n\n\n<h3 class=\"wp-block-heading\">Wertgutschein<\/h3>\n\n\n\n<p>Verschenke flexible Wohlf\u00fchlzeit mit einem Wertgutschein. W\u00e4hle aus festen Betr\u00e4gen und verschiedenen Gutscheinmotiven.<\/p>\n\n\n\n<div class=\"wp-block-buttons is-layout-flex wp-block-buttons-is-layout-flex\">\n<div class=\"wp-block-button\"><a class=\"wp-block-button__link wp-element-button\" href=\"https:\/\/mtherapy.net\/wordpress\/produkt\/wertgutschein-2\/\">Betrag ausw\u00e4hlen<\/a><\/div>\n<\/div>\n<\/div>\n\n\n\n<div class=\"wp-block-column is-vertically-aligned-center is-layout-flow wp-block-column-is-layout-flow\"><div class=\"wp-block-image\">\n<figure class=\"aligncenter size-large\"><img decoding=\"async\" width=\"1024\" height=\"576\" src=\"https:\/\/mtherapy.net\/wordpress\/wp-content\/uploads\/2026\/05\/collage-wert-1024x576.png\" alt=\"\" class=\"wp-image-1826\" srcset=\"https:\/\/mtherapy.net\/wordpress\/wp-content\/uploads\/2026\/05\/collage-wert-1024x576.png 1024w, https:\/\/mtherapy.net\/wordpress\/wp-content\/uploads\/2026\/05\/collage-wert-300x169.png 300w, https:\/\/mtherapy.net\/wordpress\/wp-content\/uploads\/2026\/05\/collage-wert-768x432.png 768w, https:\/\/mtherapy.net\/wordpress\/wp-content\/uploads\/2026\/05\/collage-wert-1536x864.png 1536w, https:\/\/mtherapy.net\/wordpress\/wp-content\/uploads\/2026\/05\/collage-wert-600x338.png 600w, https:\/\/mtherapy.net\/wordpress\/wp-content\/uploads\/2026\/05\/collage-wert.png 1672w\" sizes=\"(max-width: 1024px) 100vw, 1024px\" \/><\/figure>\n<\/div>\n\n\n<h3 class=\"wp-block-heading\">Individueller Wertgutschein<\/h3>\n\n\n\n<p>Verschenke flexible Wohlf\u00fchlzeit mit frei w\u00e4hlbarem Betrag. W\u00e4hle dein Gutscheinmotiv und trage deinen Wunschbetrag ein.<\/p>\n\n\n\n<div class=\"wp-block-buttons is-layout-flex wp-block-buttons-is-layout-flex\">\n<div class=\"wp-block-button\"><a class=\"wp-block-button__link wp-element-button\" href=\"https:\/\/mtherapy.net\/wordpress\/produkt\/individueller-wertgutschein\/\">Individuellen Wertgutschein w\u00e4hlen<\/a><\/div>\n<\/div>\n<\/div>\n<\/div>\n\n\n\n<div class=\"wp-block-columns is-layout-flex wp-container-core-columns-is-layout-9d6595d7 wp-block-columns-is-layout-flex\">\n<div class=\"wp-block-column is-layout-flow wp-block-column-is-layout-flow\">\n<figure class=\"wp-block-image size-large is-style-default\"><img decoding=\"async\" width=\"1024\" height=\"576\" src=\"https:\/\/mtherapy.net\/wordpress\/wp-content\/uploads\/2026\/05\/collage-wellness-1024x576.png\" alt=\"Drei Gutscheinmotive f\u00fcr die Wellnessmassage von Massage Therapy\" class=\"wp-image-1800\" srcset=\"https:\/\/mtherapy.net\/wordpress\/wp-content\/uploads\/2026\/05\/collage-wellness-1024x576.png 1024w, https:\/\/mtherapy.net\/wordpress\/wp-content\/uploads\/2026\/05\/collage-wellness-300x169.png 300w, https:\/\/mtherapy.net\/wordpress\/wp-content\/uploads\/2026\/05\/collage-wellness-768x432.png 768w, https:\/\/mtherapy.net\/wordpress\/wp-content\/uploads\/2026\/05\/collage-wellness-1536x864.png 1536w, https:\/\/mtherapy.net\/wordpress\/wp-content\/uploads\/2026\/05\/collage-wellness-600x338.png 600w, https:\/\/mtherapy.net\/wordpress\/wp-content\/uploads\/2026\/05\/collage-wellness.png 1672w\" sizes=\"(max-width: 1024px) 100vw, 1024px\" \/><\/figure>\n\n\n\n<h3 class=\"wp-block-heading\">Wellnessmassage Gutschein<\/h3>\n\n\n\n<p>Verschenke wohltuende Entspannung f\u00fcr K\u00f6rper und Geist. W\u00e4hle aus drei Gutscheinmotiven und verschiedenen Massagezeiten.<\/p>\n\n\n\n<div class=\"wp-block-buttons is-layout-flex wp-block-buttons-is-layout-flex\">\n<div class=\"wp-block-button\"><a class=\"wp-block-button__link wp-element-button\" href=\"https:\/\/mtherapy.net\/wordpress\/produkt\/wellnessmassage-gutschein\/\">Gutschein ausw\u00e4hlen<\/a><\/div>\n<\/div>\n<\/div>\n\n\n\n<div class=\"wp-block-column is-layout-flow wp-block-column-is-layout-flow\">\n<figure class=\"wp-block-image size-large\"><img decoding=\"async\" width=\"1024\" height=\"576\" src=\"https:\/\/mtherapy.net\/wordpress\/wp-content\/uploads\/2026\/05\/collage-hotstone-1024x576.png\" alt=\"Drei Gutscheinmotive f\u00fcr die Hotstonemassage von Massage Therapy\" class=\"wp-image-1804\" srcset=\"https:\/\/mtherapy.net\/wordpress\/wp-content\/uploads\/2026\/05\/collage-hotstone-1024x576.png 1024w, https:\/\/mtherapy.net\/wordpress\/wp-content\/uploads\/2026\/05\/collage-hotstone-300x169.png 300w, https:\/\/mtherapy.net\/wordpress\/wp-content\/uploads\/2026\/05\/collage-hotstone-768x432.png 768w, https:\/\/mtherapy.net\/wordpress\/wp-content\/uploads\/2026\/05\/collage-hotstone-1536x864.png 1536w, https:\/\/mtherapy.net\/wordpress\/wp-content\/uploads\/2026\/05\/collage-hotstone-600x338.png 600w, https:\/\/mtherapy.net\/wordpress\/wp-content\/uploads\/2026\/05\/collage-hotstone.png 1672w\" sizes=\"(max-width: 1024px) 100vw, 1024px\" \/><\/figure>\n\n\n\n<h3 class=\"wp-block-heading\">Hot Stone Massage Gutschein<\/h3>\n\n\n\n<p>Verschenke wohltuende W\u00e4rme und tiefe Entspannung. W\u00e4hle aus drei Gutscheinmotiven und verschiedenen Massagezeiten.<\/p>\n\n\n\n<div class=\"wp-block-buttons is-layout-flex wp-block-buttons-is-layout-flex\">\n<div class=\"wp-block-button\"><a class=\"wp-block-button__link wp-element-button\" href=\"https:\/\/mtherapy.net\/wordpress\/produkt\/hot-stone-massage-gutschein\/\">Gutschein ausw\u00e4hlen<\/a><\/div>\n<\/div>\n<\/div>\n<\/div>\n\n\n\n<div style=\"height:30px\" aria-hidden=\"true\" class=\"wp-block-spacer\"><\/div>\n\n\n\n<div class=\"wp-block-columns is-layout-flex wp-container-core-columns-is-layout-9d6595d7 wp-block-columns-is-layout-flex\">\n<div class=\"wp-block-column is-layout-flow wp-block-column-is-layout-flow\">\n<figure class=\"wp-block-image size-large\"><img decoding=\"async\" width=\"1024\" height=\"576\" src=\"https:\/\/mtherapy.net\/wordpress\/wp-content\/uploads\/2026\/05\/collage-sport-1024x576.png\" alt=\"Drei Gutscheinmotive f\u00fcr die Sportmassage von Massage Therapy\" class=\"wp-image-1801\" srcset=\"https:\/\/mtherapy.net\/wordpress\/wp-content\/uploads\/2026\/05\/collage-sport-1024x576.png 1024w, https:\/\/mtherapy.net\/wordpress\/wp-content\/uploads\/2026\/05\/collage-sport-300x169.png 300w, https:\/\/mtherapy.net\/wordpress\/wp-content\/uploads\/2026\/05\/collage-sport-768x432.png 768w, https:\/\/mtherapy.net\/wordpress\/wp-content\/uploads\/2026\/05\/collage-sport-1536x864.png 1536w, https:\/\/mtherapy.net\/wordpress\/wp-content\/uploads\/2026\/05\/collage-sport-600x338.png 600w, https:\/\/mtherapy.net\/wordpress\/wp-content\/uploads\/2026\/05\/collage-sport.png 1672w\" sizes=\"(max-width: 1024px) 100vw, 1024px\" \/><\/figure>\n\n\n\n<h3 class=\"wp-block-heading\">Sportmassage Gutschein<\/h3>\n\n\n\n<p>Verschenke gezielte Regeneration und neue Energie. W\u00e4hle aus drei Gutscheinmotiven und verschiedenen Massagezeiten.<\/p>\n\n\n\n<div class=\"wp-block-buttons is-layout-flex wp-block-buttons-is-layout-flex\">\n<div class=\"wp-block-button\"><a class=\"wp-block-button__link wp-element-button\" href=\"https:\/\/mtherapy.net\/wordpress\/produkt\/sportmassage-gutschein\/\">Gutschein ausw\u00e4hlen<\/a><\/div>\n<\/div>\n<\/div>\n\n\n\n<div class=\"wp-block-column is-layout-flow wp-block-column-is-layout-flow\">\n<p><\/p>\n<\/div>\n<\/div>\n\n\n\n<div style=\"height:40px\" aria-hidden=\"true\" class=\"wp-block-spacer\"><\/div>\n\n\n\n<div style=\"height:10px\" aria-hidden=\"true\" class=\"wp-block-spacer\"><\/div>\n\n\n\n<div class=\"wp-block-group is-content-justification-center is-nowrap is-layout-flex wp-container-core-group-is-layout-94bc23d7 wp-block-group-is-layout-flex\">\n<p class=\"has-text-align-center\">Alle Gutscheine sind 12 Monate ab Kaufdatum g\u00fcltig. Nach Zahlungseingang erh\u00e4ltst du deinen Gutschein bequem als PDF per E-Mail. Auf Wunsch ist zus\u00e4tzlich eine Abholung im Studio m\u00f6glich.<\/p>\n<\/div>\n","protected":false},"excerpt":{"rendered":"<p>Massagegutscheine Verschenke eine wohltuende Auszeit mit einem Massagegutschein von Massage Therapy. W\u00e4hle aus verschiedenen Massagearten, Gutscheinmotiven und Zeiten den passenden Gutschein aus. Der Gutschein wird nach dem Kauf als PDF per E-Mail verschickt. Auf Wunsch ist auch eine Abholung im Studio m\u00f6glich. Wertgutschein Verschenke flexible Wohlf\u00fchlzeit mit einem Wertgutschein. W\u00e4hle aus festen Betr\u00e4gen und verschiedenen [&hellip;]<\/p>\n","protected":false},"author":2,"featured_media":0,"parent":0,"menu_order":0,"comment_status":"closed","ping_status":"closed","template":"","meta":{"footnotes":""},"class_list":["post-1805","page","type-page","status-publish","hentry"],"_links":{"self":[{"href":"https:\/\/mtherapy.net\/wordpress\/wp-json\/wp\/v2\/pages\/1805","targetHints":{"allow":["GET"]}}],"collection":[{"href":"https:\/\/mtherapy.net\/wordpress\/wp-json\/wp\/v2\/pages"}],"about":[{"href":"https:\/\/mtherapy.net\/wordpress\/wp-json\/wp\/v2\/types\/page"}],"author":[{"embeddable":true,"href":"https:\/\/mtherapy.net\/wordpress\/wp-json\/wp\/v2\/users\/2"}],"replies":[{"embeddable":true,"href":"https:\/\/mtherapy.net\/wordpress\/wp-json\/wp\/v2\/comments?post=1805"}],"version-history":[{"count":24,"href":"https:\/\/mtherapy.net\/wordpress\/wp-json\/wp\/v2\/pages\/1805\/revisions"}],"predecessor-version":[{"id":1919,"href":"https:\/\/mtherapy.net\/wordpress\/wp-json\/wp\/v2\/pages\/1805\/revisions\/1919"}],"wp:attachment":[{"href":"https:\/\/mtherapy.net\/wordpress\/wp-json\/wp\/v2\/media?parent=1805"}],"curies":[{"name":"wp","href":"https:\/\/api.w.org\/{rel}","templated":true}]}}